{"id":1843,"date":"2021-09-24T14:51:22","date_gmt":"2021-09-24T12:51:22","guid":{"rendered":"https:\/\/tjamstan.anydaynow.se\/activities\/"},"modified":"2022-11-28T11:09:55","modified_gmt":"2022-11-28T10:09:55","slug":"activities","status":"publish","type":"page","link":"https:\/\/tjamstan.anydaynow.se\/en\/activities\/","title":{"rendered":"Activities"},"content":{"rendered":"<section class=\"relative w-full bg-center bg-cover min-h-xs\" style=\"height: 80vh\">\n  <div class=\"absolute w-full h-full pointer-events-none\">\n    <img\n    data-sizes=\"auto\"\n    srcset=\"data:image\/gif;base64,R0lGODlhAQABAAAAACH5BAEKAAEALAAAAAABAAEAAAICTAEAOw==\"\n    data-srcset=\"https:\/\/tjamstan.anydaynow.se\/app\/uploads\/2021\/10\/4ba46c6b76b5a55d60e54c88ab8d0402-150x156.png 0w, https:\/\/tjamstan.anydaynow.se\/app\/uploads\/2021\/10\/4ba46c6b76b5a55d60e54c88ab8d0402-640x667.png 150w, https:\/\/tjamstan.anydaynow.se\/app\/uploads\/2021\/10\/4ba46c6b76b5a55d60e54c88ab8d0402-1024x1068.png 640w, https:\/\/tjamstan.anydaynow.se\/app\/uploads\/2021\/10\/4ba46c6b76b5a55d60e54c88ab8d0402-1366x1424.png 1024w, https:\/\/tjamstan.anydaynow.se\/app\/uploads\/2021\/10\/4ba46c6b76b5a55d60e54c88ab8d0402-1920x2002.png 1366w\" \n    src=\"https:\/\/tjamstan.anydaynow.se\/app\/uploads\/2021\/10\/4ba46c6b76b5a55d60e54c88ab8d0402-1366x1424.png\"\n    alt=\"\"\n    \n    class=\"lazyload object-cover w-full h-full\" \n    style=\"\"\n    onload=\"this.parentElement.querySelector('img + div').style.display = 'none'\"\n  >\n<div\n  class=\"lazyload object-cover w-full h-full\" \n  style=\"background-color: #577383; \"\n><\/div>  <\/div>\n\n  <div class=\"container relative z-10 flex flex-col justify-end h-full pb-24\">\n    <h1 class=\"mb-2 text-gray-100\">\n      \n    <\/h1>\n    <p class=\"mt-0 font-bold text-gray-100\"><\/p>\n  <\/div>\n<\/section>\n<div class=\"my-36\">\n  <section class=\"container text-center\">\n    <div class=\"mx-auto w-60 sm:w-80\">\n      <div\n  class=\"lazyload object-cover w-full\" \n  style=\"background-color: #577383; \"\n><\/div>    <\/div>\n\n    <h2 class=\"mt-12\">Activities<\/h2>\n    <p class=\"pb-12 mx-auto\" style=\"max-width: 100ch\">\n      Welcome to the activity area Tjamstan and Mal\u00e5 municipality.\n    <\/p>\n  <\/section>\n<\/div><div class=\"my-16\">\n  <section class=\"container\">\n  <ul class=\"grid gap-12 p-0 list-none sm:grid-cols-2 lg:grid-cols-4\">\n          <li>\n        <a href=\"https:\/\/tjamstan.anydaynow.se\/en\/activity\/kayak\/\" class=\"relative flex items-end w-full h-56 bg-center bg-cover border-none\">\n          <div class=\"absolute top-0 left-0 w-full h-full pointer-events-none\" style=\"z-index: -1\">\n            <div class=\"absolute inset-0 w-full h-full bg-black opacity-30\"><\/div>\n            <img\n    data-sizes=\"auto\"\n    srcset=\"data:image\/gif;base64,R0lGODlhAQABAAAAACH5BAEKAAEALAAAAAABAAEAAAICTAEAOw==\"\n    data-srcset=\"https:\/\/tjamstan.anydaynow.se\/app\/uploads\/2022\/06\/24f2b09d5d7af2b018b3e90303da8168-150x100.jpg 0w, https:\/\/tjamstan.anydaynow.se\/app\/uploads\/2022\/06\/24f2b09d5d7af2b018b3e90303da8168-640x427.jpg 150w, https:\/\/tjamstan.anydaynow.se\/app\/uploads\/2022\/06\/24f2b09d5d7af2b018b3e90303da8168.jpg 640w\" \n    src=\"https:\/\/tjamstan.anydaynow.se\/app\/uploads\/2022\/06\/24f2b09d5d7af2b018b3e90303da8168.jpg\"\n    alt=\"Kayak Mal\u00e5\"\n    \n    class=\"lazyload w-full h-full object-cover -z-10\" \n    style=\"\"\n    onload=\"this.parentElement.querySelector('img + div').style.display = 'none'\"\n  >\n<div\n  class=\"lazyload w-full h-full object-cover -z-10\" \n  style=\"background-color: #577383; \"\n><\/div>          <\/div>\n\n          <div class=\"px-4\">\n            <h3 class=\"text-xl text-gray-100\">Kayak<\/p>\n\n                      <\/div>\n        <\/a>\n      <\/li>\n          <li>\n        <a href=\"https:\/\/tjamstan.anydaynow.se\/en\/activity\/padel\/\" class=\"relative flex items-end w-full h-56 bg-center bg-cover border-none\">\n          <div class=\"absolute top-0 left-0 w-full h-full pointer-events-none\" style=\"z-index: -1\">\n            <div class=\"absolute inset-0 w-full h-full bg-black opacity-30\"><\/div>\n            <img\n    data-sizes=\"auto\"\n    srcset=\"data:image\/gif;base64,R0lGODlhAQABAAAAACH5BAEKAAEALAAAAAABAAEAAAICTAEAOw==\"\n    data-srcset=\"https:\/\/tjamstan.anydaynow.se\/app\/uploads\/2022\/03\/a0d7533edd785dac9fdd9c1add6a7c87-150x104.jpg 0w, https:\/\/tjamstan.anydaynow.se\/app\/uploads\/2022\/03\/a0d7533edd785dac9fdd9c1add6a7c87-640x445.jpg 150w, https:\/\/tjamstan.anydaynow.se\/app\/uploads\/2022\/03\/a0d7533edd785dac9fdd9c1add6a7c87-1024x713.jpg 640w\" \n    src=\"https:\/\/tjamstan.anydaynow.se\/app\/uploads\/2022\/03\/a0d7533edd785dac9fdd9c1add6a7c87.jpg\"\n    alt=\"Padelhall\"\n    \n    class=\"lazyload w-full h-full object-cover -z-10\" \n    style=\"\"\n    onload=\"this.parentElement.querySelector('img + div').style.display = 'none'\"\n  >\n<div\n  class=\"lazyload w-full h-full object-cover -z-10\" \n  style=\"background-color: #577383; \"\n><\/div>          <\/div>\n\n          <div class=\"px-4\">\n            <h3 class=\"text-xl text-gray-100\">Padel<\/p>\n\n                      <\/div>\n        <\/a>\n      <\/li>\n          <li>\n        <a href=\"https:\/\/tjamstan.anydaynow.se\/en\/activity\/hiking-and-nature-reserves\/\" class=\"relative flex items-end w-full h-56 bg-center bg-cover border-none\">\n          <div class=\"absolute top-0 left-0 w-full h-full pointer-events-none\" style=\"z-index: -1\">\n            <div class=\"absolute inset-0 w-full h-full bg-black opacity-30\"><\/div>\n            <img\n    data-sizes=\"auto\"\n    srcset=\"data:image\/gif;base64,R0lGODlhAQABAAAAACH5BAEKAAEALAAAAAABAAEAAAICTAEAOw==\"\n    data-srcset=\"https:\/\/tjamstan.anydaynow.se\/app\/uploads\/2022\/02\/4030e6ab42999d1cdefd415b59b9ffb6-150x100.jpg 0w, https:\/\/tjamstan.anydaynow.se\/app\/uploads\/2022\/02\/4030e6ab42999d1cdefd415b59b9ffb6-640x427.jpg 150w, https:\/\/tjamstan.anydaynow.se\/app\/uploads\/2022\/02\/4030e6ab42999d1cdefd415b59b9ffb6-1024x683.jpg 640w\" \n    src=\"https:\/\/tjamstan.anydaynow.se\/app\/uploads\/2022\/02\/4030e6ab42999d1cdefd415b59b9ffb6-1366x911.jpg\"\n    alt=\"Hiking in Mal\u00e5\"\n    \n    class=\"lazyload w-full h-full object-cover -z-10\" \n    style=\"\"\n    onload=\"this.parentElement.querySelector('img + div').style.display = 'none'\"\n  >\n<div\n  class=\"lazyload w-full h-full object-cover -z-10\" \n  style=\"background-color: #577383; \"\n><\/div>          <\/div>\n\n          <div class=\"px-4\">\n            <h3 class=\"text-xl text-gray-100\">Hiking and nature reserves<\/p>\n\n                      <\/div>\n        <\/a>\n      <\/li>\n          <li>\n        <a href=\"https:\/\/tjamstan.anydaynow.se\/en\/activity\/fishing\/\" class=\"relative flex items-end w-full h-56 bg-center bg-cover border-none\">\n          <div class=\"absolute top-0 left-0 w-full h-full pointer-events-none\" style=\"z-index: -1\">\n            <div class=\"absolute inset-0 w-full h-full bg-black opacity-30\"><\/div>\n            <img\n    data-sizes=\"auto\"\n    srcset=\"data:image\/gif;base64,R0lGODlhAQABAAAAACH5BAEKAAEALAAAAAABAAEAAAICTAEAOw==\"\n    data-srcset=\"https:\/\/tjamstan.anydaynow.se\/app\/uploads\/2021\/11\/bfafa08609d6a0fb393c25863074ed7e-150x100.jpg 0w, https:\/\/tjamstan.anydaynow.se\/app\/uploads\/2021\/11\/bfafa08609d6a0fb393c25863074ed7e-640x425.jpg 150w, https:\/\/tjamstan.anydaynow.se\/app\/uploads\/2021\/11\/bfafa08609d6a0fb393c25863074ed7e-1024x680.jpg 640w\" \n    src=\"https:\/\/tjamstan.anydaynow.se\/app\/uploads\/2021\/11\/bfafa08609d6a0fb393c25863074ed7e.jpg\"\n    alt=\"Fishing with rods in Mal\u00e5n\"\n    \n    class=\"lazyload w-full h-full object-cover -z-10\" \n    style=\"\"\n    onload=\"this.parentElement.querySelector('img + div').style.display = 'none'\"\n  >\n<div\n  class=\"lazyload w-full h-full object-cover -z-10\" \n  style=\"background-color: #577383; \"\n><\/div>          <\/div>\n\n          <div class=\"px-4\">\n            <h3 class=\"text-xl text-gray-100\">Fishing<\/p>\n\n                      <\/div>\n        <\/a>\n      <\/li>\n          <li>\n        <a href=\"https:\/\/tjamstan.anydaynow.se\/en\/activity\/experience-sami-culture\/\" class=\"relative flex items-end w-full h-56 bg-center bg-cover border-none\">\n          <div class=\"absolute top-0 left-0 w-full h-full pointer-events-none\" style=\"z-index: -1\">\n            <div class=\"absolute inset-0 w-full h-full bg-black opacity-30\"><\/div>\n            <img\n    data-sizes=\"auto\"\n    srcset=\"data:image\/gif;base64,R0lGODlhAQABAAAAACH5BAEKAAEALAAAAAABAAEAAAICTAEAOw==\"\n    data-srcset=\"https:\/\/tjamstan.anydaynow.se\/app\/uploads\/2021\/11\/e42dcc4023795603f2e089d9eeb0dc8c-150x100.jpg 0w, https:\/\/tjamstan.anydaynow.se\/app\/uploads\/2021\/11\/e42dcc4023795603f2e089d9eeb0dc8c-640x427.jpg 150w, https:\/\/tjamstan.anydaynow.se\/app\/uploads\/2021\/11\/e42dcc4023795603f2e089d9eeb0dc8c-1024x683.jpg 640w\" \n    src=\"https:\/\/tjamstan.anydaynow.se\/app\/uploads\/2021\/11\/e42dcc4023795603f2e089d9eeb0dc8c-1366x912.jpg\"\n    alt=\"Reindeer at Wilderness Camp in Mal\u00e5\"\n    \n    class=\"lazyload w-full h-full object-cover -z-10\" \n    style=\"\"\n    onload=\"this.parentElement.querySelector('img + div').style.display = 'none'\"\n  >\n<div\n  class=\"lazyload w-full h-full object-cover -z-10\" \n  style=\"background-color: #577383; \"\n><\/div>          <\/div>\n\n          <div class=\"px-4\">\n            <h3 class=\"text-xl text-gray-100\">Wilderness camp in Mal\u00e5 AB<\/p>\n\n                      <\/div>\n        <\/a>\n      <\/li>\n          <li>\n        <a href=\"https:\/\/tjamstan.anydaynow.se\/en\/activity\/dog-team\/\" class=\"relative flex items-end w-full h-56 bg-center bg-cover border-none\">\n          <div class=\"absolute top-0 left-0 w-full h-full pointer-events-none\" style=\"z-index: -1\">\n            <div class=\"absolute inset-0 w-full h-full bg-black opacity-30\"><\/div>\n            <img\n    data-sizes=\"auto\"\n    srcset=\"data:image\/gif;base64,R0lGODlhAQABAAAAACH5BAEKAAEALAAAAAABAAEAAAICTAEAOw==\"\n    data-srcset=\"https:\/\/tjamstan.anydaynow.se\/app\/uploads\/2021\/11\/d3ef07a324188da4fbad6e0c0bf69f74-150x93.jpg 0w, https:\/\/tjamstan.anydaynow.se\/app\/uploads\/2021\/11\/d3ef07a324188da4fbad6e0c0bf69f74-640x398.jpg 150w, https:\/\/tjamstan.anydaynow.se\/app\/uploads\/2021\/11\/d3ef07a324188da4fbad6e0c0bf69f74-1024x637.jpg 640w\" \n    src=\"https:\/\/tjamstan.anydaynow.se\/app\/uploads\/2021\/11\/d3ef07a324188da4fbad6e0c0bf69f74-1366x850.jpg\"\n    alt=\"Dogs at dog sleds\"\n    \n    class=\"lazyload w-full h-full object-cover -z-10\" \n    style=\"\"\n    onload=\"this.parentElement.querySelector('img + div').style.display = 'none'\"\n  >\n<div\n  class=\"lazyload w-full h-full object-cover -z-10\" \n  style=\"background-color: #577383; \"\n><\/div>          <\/div>\n\n          <div class=\"px-4\">\n            <h3 class=\"text-xl text-gray-100\">Dog sledding<\/p>\n\n                      <\/div>\n        <\/a>\n      <\/li>\n          <li>\n        <a href=\"https:\/\/tjamstan.anydaynow.se\/en\/activity\/scooter\/\" class=\"relative flex items-end w-full h-56 bg-center bg-cover border-none\">\n          <div class=\"absolute top-0 left-0 w-full h-full pointer-events-none\" style=\"z-index: -1\">\n            <div class=\"absolute inset-0 w-full h-full bg-black opacity-30\"><\/div>\n            <img\n    data-sizes=\"auto\"\n    srcset=\"data:image\/gif;base64,R0lGODlhAQABAAAAACH5BAEKAAEALAAAAAABAAEAAAICTAEAOw==\"\n    data-srcset=\"https:\/\/tjamstan.anydaynow.se\/app\/uploads\/2021\/10\/1b0e7ef9de3752eef8d4d7bff90c6060-150x142.png 0w, https:\/\/tjamstan.anydaynow.se\/app\/uploads\/2021\/10\/1b0e7ef9de3752eef8d4d7bff90c6060-640x608.png 150w, https:\/\/tjamstan.anydaynow.se\/app\/uploads\/2021\/10\/1b0e7ef9de3752eef8d4d7bff90c6060-1024x973.png 640w\" \n    src=\"https:\/\/tjamstan.anydaynow.se\/app\/uploads\/2021\/10\/1b0e7ef9de3752eef8d4d7bff90c6060.png\"\n    alt=\"Snowmobile\"\n    \n    class=\"lazyload w-full h-full object-cover -z-10\" \n    style=\"\"\n    onload=\"this.parentElement.querySelector('img + div').style.display = 'none'\"\n  >\n<div\n  class=\"lazyload w-full h-full object-cover -z-10\" \n  style=\"background-color: #577383; \"\n><\/div>          <\/div>\n\n          <div class=\"px-4\">\n            <h3 class=\"text-xl text-gray-100\">Scooter<\/p>\n\n                      <\/div>\n        <\/a>\n      <\/li>\n          <li>\n        <a href=\"https:\/\/tjamstan.anydaynow.se\/en\/activity\/skating\/\" class=\"relative flex items-end w-full h-56 bg-center bg-cover border-none\">\n          <div class=\"absolute top-0 left-0 w-full h-full pointer-events-none\" style=\"z-index: -1\">\n            <div class=\"absolute inset-0 w-full h-full bg-black opacity-30\"><\/div>\n            <img\n    data-sizes=\"auto\"\n    srcset=\"data:image\/gif;base64,R0lGODlhAQABAAAAACH5BAEKAAEALAAAAAABAAEAAAICTAEAOw==\"\n    data-srcset=\"https:\/\/tjamstan.anydaynow.se\/app\/uploads\/2021\/11\/e8f0835b4b4dc5953178b3bce4c6f747-150x76.jpeg 0w, https:\/\/tjamstan.anydaynow.se\/app\/uploads\/2021\/11\/e8f0835b4b4dc5953178b3bce4c6f747-640x323.jpeg 150w, https:\/\/tjamstan.anydaynow.se\/app\/uploads\/2021\/11\/e8f0835b4b4dc5953178b3bce4c6f747-1024x518.jpeg 640w\" \n    src=\"https:\/\/tjamstan.anydaynow.se\/app\/uploads\/2021\/11\/e8f0835b4b4dc5953178b3bce4c6f747-1366x690.jpeg\"\n    alt=\"Hockey game in Mal\u00e5 ice rink\"\n    \n    class=\"lazyload w-full h-full object-cover -z-10\" \n    style=\"\"\n    onload=\"this.parentElement.querySelector('img + div').style.display = 'none'\"\n  >\n<div\n  class=\"lazyload w-full h-full object-cover -z-10\" \n  style=\"background-color: #577383; \"\n><\/div>          <\/div>\n\n          <div class=\"px-4\">\n            <h3 class=\"text-xl text-gray-100\">Skating<\/p>\n\n                      <\/div>\n        <\/a>\n      <\/li>\n          <li>\n        <a href=\"https:\/\/tjamstan.anydaynow.se\/en\/activity\/cross-country-skiing\/\" class=\"relative flex items-end w-full h-56 bg-center bg-cover border-none\">\n          <div class=\"absolute top-0 left-0 w-full h-full pointer-events-none\" style=\"z-index: -1\">\n            <div class=\"absolute inset-0 w-full h-full bg-black opacity-30\"><\/div>\n            <img\n    data-sizes=\"auto\"\n    srcset=\"data:image\/gif;base64,R0lGODlhAQABAAAAACH5BAEKAAEALAAAAAABAAEAAAICTAEAOw==\"\n    data-srcset=\"https:\/\/tjamstan.anydaynow.se\/app\/uploads\/2021\/11\/15608d71892424a1345072ff675a57cd-150x200.jpg 0w, https:\/\/tjamstan.anydaynow.se\/app\/uploads\/2021\/11\/15608d71892424a1345072ff675a57cd-640x854.jpg 150w, https:\/\/tjamstan.anydaynow.se\/app\/uploads\/2021\/11\/15608d71892424a1345072ff675a57cd-1024x1366.jpg 640w\" \n    src=\"https:\/\/tjamstan.anydaynow.se\/app\/uploads\/2021\/11\/15608d71892424a1345072ff675a57cd.jpg\"\n    alt=\"Ski tracks at the small Sk\u00e4pptr\u00e4sket Mal\u00e5\"\n    \n    class=\"lazyload w-full h-full object-cover -z-10\" \n    style=\"\"\n    onload=\"this.parentElement.querySelector('img + div').style.display = 'none'\"\n  >\n<div\n  class=\"lazyload w-full h-full object-cover -z-10\" \n  style=\"background-color: #577383; \"\n><\/div>          <\/div>\n\n          <div class=\"px-4\">\n            <h3 class=\"text-xl text-gray-100\">Cross-country skiing<\/p>\n\n                      <\/div>\n        <\/a>\n      <\/li>\n          <li>\n        <a href=\"https:\/\/tjamstan.anydaynow.se\/en\/activity\/mtb\/\" class=\"relative flex items-end w-full h-56 bg-center bg-cover border-none\">\n          <div class=\"absolute top-0 left-0 w-full h-full pointer-events-none\" style=\"z-index: -1\">\n            <div class=\"absolute inset-0 w-full h-full bg-black opacity-30\"><\/div>\n            <img\n    data-sizes=\"auto\"\n    srcset=\"data:image\/gif;base64,R0lGODlhAQABAAAAACH5BAEKAAEALAAAAAABAAEAAAICTAEAOw==\"\n    data-srcset=\"https:\/\/tjamstan.anydaynow.se\/app\/uploads\/2021\/10\/643bd2bfb601fd654c3255f70393bb62-150x161.jpg 0w, https:\/\/tjamstan.anydaynow.se\/app\/uploads\/2021\/10\/643bd2bfb601fd654c3255f70393bb62-640x688.jpg 150w, https:\/\/tjamstan.anydaynow.se\/app\/uploads\/2021\/10\/643bd2bfb601fd654c3255f70393bb62.jpg 640w\" \n    src=\"https:\/\/tjamstan.anydaynow.se\/app\/uploads\/2021\/10\/643bd2bfb601fd654c3255f70393bb62.jpg\"\n    alt=\"MTB bike TjamstanMal\u00e5\"\n    \n    class=\"lazyload w-full h-full object-cover -z-10\" \n    style=\"\"\n    onload=\"this.parentElement.querySelector('img + div').style.display = 'none'\"\n  >\n<div\n  class=\"lazyload w-full h-full object-cover -z-10\" \n  style=\"background-color: #577383; \"\n><\/div>          <\/div>\n\n          <div class=\"px-4\">\n            <h3 class=\"text-xl text-gray-100\">MTB<\/p>\n\n                      <\/div>\n        <\/a>\n      <\/li>\n          <li>\n        <a href=\"https:\/\/tjamstan.anydaynow.se\/en\/activity\/alpint\/\" class=\"relative flex items-end w-full h-56 bg-center bg-cover border-none\">\n          <div class=\"absolute top-0 left-0 w-full h-full pointer-events-none\" style=\"z-index: -1\">\n            <div class=\"absolute inset-0 w-full h-full bg-black opacity-30\"><\/div>\n            <img\n    data-sizes=\"auto\"\n    srcset=\"data:image\/gif;base64,R0lGODlhAQABAAAAACH5BAEKAAEALAAAAAABAAEAAAICTAEAOw==\"\n    data-srcset=\"https:\/\/tjamstan.anydaynow.se\/app\/uploads\/2021\/11\/3779c33874b2041e02f4b2c4193cb06a-150x101.jpg 0w, https:\/\/tjamstan.anydaynow.se\/app\/uploads\/2021\/11\/3779c33874b2041e02f4b2c4193cb06a-640x429.jpg 150w, https:\/\/tjamstan.anydaynow.se\/app\/uploads\/2021\/11\/3779c33874b2041e02f4b2c4193cb06a-1024x686.jpg 640w\" \n    src=\"https:\/\/tjamstan.anydaynow.se\/app\/uploads\/2021\/11\/3779c33874b2041e02f4b2c4193cb06a-1366x915.jpg\"\n    alt=\"Children slalom in Mal\u00e5\"\n    \n    class=\"lazyload w-full h-full object-cover -z-10\" \n    style=\"\"\n    onload=\"this.parentElement.querySelector('img + div').style.display = 'none'\"\n  >\n<div\n  class=\"lazyload w-full h-full object-cover -z-10\" \n  style=\"background-color: #577383; \"\n><\/div>          <\/div>\n\n          <div class=\"px-4\">\n            <h3 class=\"text-xl text-gray-100\">Alpint<\/p>\n\n                      <\/div>\n        <\/a>\n      <\/li>\n      <\/ul>\n<\/section>\n<\/div>","protected":false},"excerpt":{"rendered":"","protected":false},"author":1,"featured_media":0,"parent":0,"menu_order":0,"comment_status":"closed","ping_status":"closed","template":"","meta":[],"_links":{"self":[{"href":"https:\/\/tjamstan.anydaynow.se\/en\/wp-json\/wp\/v2\/pages\/1843"}],"collection":[{"href":"https:\/\/tjamstan.anydaynow.se\/en\/wp-json\/wp\/v2\/pages"}],"about":[{"href":"https:\/\/tjamstan.anydaynow.se\/en\/wp-json\/wp\/v2\/types\/page"}],"author":[{"embeddable":true,"href":"https:\/\/tjamstan.anydaynow.se\/en\/wp-json\/wp\/v2\/users\/1"}],"replies":[{"embeddable":true,"href":"https:\/\/tjamstan.anydaynow.se\/en\/wp-json\/wp\/v2\/comments?post=1843"}],"version-history":[{"count":12,"href":"https:\/\/tjamstan.anydaynow.se\/en\/wp-json\/wp\/v2\/pages\/1843\/revisions"}],"predecessor-version":[{"id":2165,"href":"https:\/\/tjamstan.anydaynow.se\/en\/wp-json\/wp\/v2\/pages\/1843\/revisions\/2165"}],"wp:attachment":[{"href":"https:\/\/tjamstan.anydaynow.se\/en\/wp-json\/wp\/v2\/media?parent=1843"}],"curies":[{"name":"wp","href":"https:\/\/api.w.org\/{rel}","templated":true}]}}